{"id":4569,"date":"2023-06-12T15:56:42","date_gmt":"2023-06-12T15:56:42","guid":{"rendered":"https:\/\/demo.bravisthemes.com\/kyros\/?post_type=product&amp;p=4569"},"modified":"2024-10-21T13:41:53","modified_gmt":"2024-10-21T13:41:53","slug":"apple-watch","status":"publish","type":"product","link":"https:\/\/mafrro.ch\/de\/produkt\/apple-watch\/","title":{"rendered":"Apple Watch"},"content":{"rendered":"<p>Chi\u1ebfc Apple Watch ng\u1ea7u v\u00e0 gi\u00e0u n\u0103ng l\u1ef1c nh\u1ea5t t\u1eeb tr\u01b0\u1edbc \u0111\u1ebfn nay, \u0111\u01b0\u1ee3c thi\u1ebft k\u1ebf cho c\u00e1c ho\u1ea1t \u0111\u1ed9ng kh\u00e1m ph\u00e1, phi\u00eau l\u01b0u, v\u00e0 r\u00e8n luy\u1ec7n s\u1ee9c b\u1ec1n. V\u1edbi v\u1ecf titan h\u00e0ng kh\u00f4ng chuy\u00ean d\u1ee5ng 49mm, th\u1eddi l\u01b0\u1ee3ng pin si\u00eau d\u00e0i,1 c\u00e1c \u1ee9ng d\u1ee5ng chuy\u00ean bi\u1ec7t ph\u1ed1i h\u1ee3p v\u1edbi c\u00e1c c\u1ea3m bi\u1ebfn t\u1ed1i t\u00e2n, v\u00e0 n\u00fat T\u00e1c V\u1ee5 t\u00f9y ch\u1ec9nh m\u1edbi.<\/p>\n<p>T\u00ednh n\u0103ng n\u1ed5i b\u1eadt<br \/>\nC\u00e1c t\u00ednh n\u0103ng v\u00e0 c\u1ea3m bi\u1ebfn chuy\u00ean d\u1ee5ng, c\u00f9ng v\u1edbi ba d\u00e2y \u0111eo m\u1edbi \u0111\u01b0\u1ee3c thi\u1ebft k\u1ebf cho c\u00e1c ho\u1ea1t \u0111\u1ed9ng kh\u00e1m ph\u00e1, phi\u00eau l\u01b0u, v\u00e0 r\u00e8n luy\u1ec7n s\u1ee9c b\u1ec1n<br \/>\nV\u1ecf titan h\u00e0ng kh\u00f4ng chuy\u00ean d\u1ee5ng 49mm c\u00e2n b\u1eb1ng ho\u00e0n h\u1ea3o gi\u1eefa c\u00e1c y\u00eau c\u1ea7u v\u1ec1 tr\u1ecdng l\u01b0\u1ee3ng, \u0111\u1ed9 b\u1ec1n v\u00e0 kh\u1ea3 n\u0103ng ch\u1ed1ng \u0103n m\u00f2n<br \/>\nM\u00e0n h\u00ecnh Apple Watch l\u1edbn nh\u1ea5t v\u00e0 s\u00e1ng nh\u1ea5t gi\u00fap b\u1ea1n nh\u00ecn th\u1ea5y r\u00f5 r\u00e0ng h\u01a1n trong m\u1ecdi \u0111i\u1ec1u ki\u1ec7n<br \/>\nTh\u1eddi l\u01b0\u1ee3ng pin l\u00ean \u0111\u1ebfn 36 gi\u1edd \u1edf ch\u1ebf \u0111\u1ed9 s\u1eed d\u1ee5ng th\u00f4ng th\u01b0\u1eddng, c\u00f9ng v\u1edbi thi\u1ebft l\u1eadp ngu\u1ed3n \u0111i\u1ec7n th\u1ea5p cho th\u1eddi l\u01b0\u1ee3ng pin c\u00f2n l\u00e2u h\u01a1n n\u1eefa1<br \/>\nH\u1ec7 th\u1ed1ng GPS t\u1ea7n s\u1ed1 k\u00e9p chu\u1ea9n x\u00e1c cung c\u1ea5p v\u1ecb tr\u00ed ch\u00ednh x\u00e1c \u0111\u1ec3 t\u00ednh to\u00e1n kho\u1ea3ng c\u00e1ch, t\u1ed1c \u0111\u1ed9, v\u00e0 l\u1ed9 tr\u00ecnh.<br \/>\nCh\u1ed1ng n\u01b0\u1edbc \u1edf \u0111\u1ed9 s\u00e2u 100m2<br \/>\nDung sai nhi\u1ec7t \u0111\u1ed9 ho\u1ea1t \u0111\u1ed9ng l\u1edbn h\u01a1n khi \u0111eo tr\u00ean c\u1ed5 tay, th\u00edch \u1ee9ng tuy\u1ec7t v\u1eddi v\u1edbi c\u00e1c \u0111i\u1ec1u ki\u1ec7n m\u00f4i tr\u01b0\u1eddng v\u00f4 c\u00f9ng \u0111a d\u1ea1ng<br \/>\nN\u00fat T\u00e1c V\u1ee5 t\u00f9y ch\u1ec9nh c\u00f3 th\u1ec3 \u0111\u00e1nh d\u1ea5u T\u1ecda \u0110\u1ed9 \u0110i\u1ec3m La B\u00e0n, b\u1eaft \u0111\u1ea7u Quay V\u1ec1, \u0111\u00e1nh d\u1ea5u c\u00e1c ph\u1ea7n trong b\u00e0i t\u1eadp luy\u1ec7n, b\u1eadt \u0111\u00e8n pin, v\u00e0 h\u01a1n th\u1ebf n\u1eefa<br \/>\nC\u00e1c t\u00ednh n\u0103ng an to\u00e0n ti\u00ean ti\u1ebfn, bao g\u1ed3m C\u00f2i B\u00e1o, Quay V\u1ec1, Ph\u00e1t Hi\u1ec7n Ng\u00e3, SOS Kh\u1ea9n C\u1ea5p3 v\u00e0 Ph\u00e1t Hi\u1ec7n Va Ch\u1ea1m<br \/>\n\u1ee8ng d\u1ee5ng B\u00e0i T\u1eadp c\u1ea3i ti\u1ebfn v\u1edbi c\u00e1c ch\u1ec9 s\u1ed1 m\u1edbi, ch\u1ebf \u0111\u1ed9 xem m\u1edbi, v\u00e0 nhi\u1ec1u h\u00ecnh th\u1ee9c t\u1eadp luy\u1ec7n n\u00e2ng cao<br \/>\n\u1ee8ng d\u1ee5ng La B\u00e0n \u0111\u01b0\u1ee3c thi\u1ebft k\u1ebf l\u1ea1i ho\u00e0n to\u00e0n v\u1edbi t\u1ecda \u0111\u1ed9 \u0111i\u1ec3m v\u00e0 Quay V\u1ec1<br \/>\nThi\u1ebft b\u1ecb \u0111o \u0111\u1ed9 s\u00e2u v\u00e0 c\u1ea3m bi\u1ebfn nhi\u1ec7t \u0111\u1ed9 n\u01b0\u1edbc t\u1ef1 \u0111\u1ed9ng k\u00edch ho\u1ea1t khi b\u1ea1n l\u1eb7n.<br \/>\n\u0110\u01b0\u1ee3c thi\u1ebft k\u1ebf cho ho\u1ea1t \u0111\u1ed9ng l\u1eb7n gi\u1ea3i tr\u00ed v\u1edbi b\u00ecnh d\u01b0\u1ee1ng kh\u00ed v\u00e0 l\u1eb7n t\u1ef1 do t\u1eeb 40 m\u00e9t tr\u1edf xu\u1ed1ng<br \/>\nM\u1ea1ng di \u0111\u1ed9ng t\u00edch h\u1ee3p gi\u00fap b\u1ea1n lu\u00f4n k\u1ebft n\u1ed1i v\u1edbi m\u1ecdi ng\u01b0\u1eddi v\u00e0 c\u1eadp nh\u1eadt th\u00f4ng tin b\u1ea1n quan t\u00e2m nh\u1ea5t5<br \/>\nC\u00e1c c\u1ea3m bi\u1ebfn s\u1ee9c kh\u1ecfe t\u1ed1i t\u00e2n cho ph\u00e9p b\u1ea1n \u0111o \u0111i\u1ec7n t\u00e2m \u0111\u1ed3 (ECG)6 v\u00e0 \u0111o nh\u1ecbp tim, theo d\u00f5i s\u1ef1 thay \u0111\u1ed5i nhi\u1ec7t \u0111\u1ed97 \u0111\u1ec3 n\u1eafm b\u1eaft th\u00f4ng tin chuy\u00ean s\u00e2u v\u1ec1 chu k\u1ef3 kinh nguy\u1ec7t,8 v\u00e0 \u0111o n\u1ed3ng \u0111\u1ed9 oxy trong m\u00e1u9<br \/>\nTheo d\u00f5i ho\u1ea1t \u0111\u1ed9ng h\u00e0ng ng\u00e0y c\u1ee7a b\u1ea1n tr\u00ean Apple Watch v\u00e0 xem xu h\u01b0\u1edbng c\u1ee7a b\u1ea1n trong \u1ee9ng d\u1ee5ng Th\u1ec3 D\u1ee5c tr\u00ean iPhone<br \/>\nNghe tr\u1ef1c tuy\u1ebfn ho\u1eb7c \u0111\u1ed3ng b\u1ed9 nh\u1ea1c v\u00e0 podcast y\u00eau th\u00edch<br \/>\nwatchOS 9 s\u1edf h\u1eefu \u1ee9ng d\u1ee5ng B\u00e0i T\u1eadp c\u1ea3i ti\u1ebfn, \u1ee9ng d\u1ee5ng Thu\u1ed1c v\u00e0 C\u00e1c Giai \u0110o\u1ea1n Ng\u1ee7 m\u1edbi, c\u00f9ng th\u00f4ng tin chuy\u00ean s\u00e2u h\u01a1n v\u1ec1 s\u1ee9c kh\u1ecfe tim m\u1ea1ch<\/p>\n<p>Th\u00f4ng s\u1ed1 k\u1ef9 thu\u1eadt<br \/>\nTruy c\u1eadp apple.com\/watch\/compare \u0111\u1ec3 xem c\u1ea5u h\u00ecnh \u0111\u1ea7y \u0111\u1ee7.<\/p>\n<p>Ph\u00e1p L\u00fd<br \/>\nApple Watch Ultra t\u01b0\u01a1ng th\u00edch v\u1edbi iPhone 8 tr\u1edf l\u00ean s\u1eed d\u1ee5ng iOS 16 tr\u1edf l\u00ean.<\/p>\n<p>1Th\u1eddi l\u01b0\u1ee3ng pin kh\u00e1c nhau t\u00f9y theo c\u00e1ch s\u1eed d\u1ee5ng v\u00e0 c\u1ea5u h\u00ecnh. Truy c\u1eadp apple.com\/batteries \u0111\u1ec3 bi\u1ebft th\u00eam th\u00f4ng tin.<\/p>\n<p>2Apple Watch Ultra c\u00f3 kh\u1ea3 n\u0103ng ch\u1ed1ng n\u01b0\u1edbc \u1edf \u0111\u1ed9 s\u00e2u 100 m\u00e9t theo ti\u00eau chu\u1ea9n ISO 22810. S\u1ea3n ph\u1ea9m n\u00e0y c\u00f3 th\u1ec3 \u0111\u01b0\u1ee3c d\u00f9ng cho ho\u1ea1t \u0111\u1ed9ng l\u1eb7n gi\u1ea3i tr\u00ed v\u1edbi b\u00ecnh d\u01b0\u1ee1ng kh\u00ed (v\u1edbi \u1ee9ng d\u1ee5ng b\u00ean th\u1ee9 3 t\u01b0\u01a1ng th\u00edch t\u1eeb App Store) \u1edf \u0111\u1ed9 s\u00e2u t\u1ed1i \u0111a 40 m\u00e9t v\u00e0 cho c\u00e1c m\u00f4n th\u1ec3 thao d\u01b0\u1edbi n\u01b0\u1edbc t\u1ed1c \u0111\u1ed9 cao. Apple Watch Ultra kh\u00f4ng n\u00ean d\u00f9ng cho ho\u1ea1t \u0111\u1ed9ng l\u1eb7n \u1edf \u0111\u1ed9 s\u00e2u h\u01a1n 40 m\u00e9t. Kh\u1ea3 n\u0103ng ch\u1ed1ng n\u01b0\u1edbc kh\u00f4ng ph\u1ea3i l\u00e0 \u0111i\u1ec1u ki\u1ec7n c\u1ed1 \u0111\u1ecbnh v\u00e0 c\u00f3 th\u1ec3 gi\u1ea3m theo th\u1eddi gian. \u0110\u1ec3 bi\u1ebft th\u00eam th\u00f4ng tin, vui l\u00f2ng truy c\u1eadp support.apple.com\/HT205000.<\/p>\n<p>3T\u00ednh n\u0103ng SOS Kh\u1ea9n C\u1ea5p y\u00eau c\u1ea7u k\u1ebft n\u1ed1i m\u1ea1ng di \u0111\u1ed9ng ho\u1eb7c cu\u1ed9c g\u1ecdi Wi-Fi v\u1edbi k\u1ebft n\u1ed1i internet t\u1eeb Apple Watch ho\u1eb7c iPhone g\u1ea7n \u0111\u00f3.<\/p>\n<p>4Oceanic+ y\u00eau c\u1ea7u \u0111\u0103ng k\u00fd thu\u00ea bao. C\u00f3 s\u1eb5n tr\u00ean App Store. Lu\u00f4n tu\u00e2n theo c\u00e1c quy t\u1eafc l\u1eb7n v\u00e0 l\u1eb7n v\u1edbi m\u1ed9t ng\u01b0\u1eddi b\u1ea1n \u0111\u1ed3ng h\u00e0nh, \u0111\u1ed3ng th\u1eddi c\u00f3 m\u1ed9t thi\u1ebft b\u1ecb ph\u1ee5.<\/p>\n<p>5C\u1ea7n c\u00f3 g\u00f3i c\u01b0\u1edbc kh\u00f4ng d\u00e2y cho d\u1ecbch v\u1ee5 d\u1eef li\u1ec7u di \u0111\u1ed9ng. Vui l\u00f2ng li\u00ean h\u1ec7 v\u1edbi nh\u00e0 cung c\u1ea5p d\u1ecbch v\u1ee5 c\u1ee7a b\u1ea1n \u0111\u1ec3 bi\u1ebft th\u00eam chi ti\u1ebft. Kh\u1ea3 n\u0103ng k\u1ebft n\u1ed1i c\u00f3 th\u1ec3 thay \u0111\u1ed5i t\u00f9y thu\u1ed9c v\u00e0o t\u00ecnh tr\u1ea1ng s\u1eb5n c\u00f3 c\u1ee7a m\u1ea1ng. Truy c\u1eadp apple.com\/watch\/cellular \u0111\u1ec3 bi\u1ebft danh s\u00e1ch c\u00e1c nh\u00e0 cung c\u1ea5p d\u1ecbch v\u1ee5 m\u1ea1ng kh\u00f4ng d\u00e2y h\u1ee3p t\u00e1c v\u00e0 t\u00ednh ph\u00f9 h\u1ee3p. Truy c\u1eadp support.apple.com\/en-us\/HT207578 \u0111\u1ec3 xem th\u00eam h\u01b0\u1edbng d\u1eabn v\u1ec1 c\u00e1ch thi\u1ebft l\u1eadp.<\/p>\n<p>6\u1ee8ng d\u1ee5ng ECG v\u00e0 t\u00ednh n\u0103ng th\u00f4ng b\u00e1o nh\u1ecbp kh\u00f4ng \u0111\u1ec1u ch\u1ec9 kh\u1ea3 d\u1ee5ng tr\u00ean watchOS c\u0169ng nh\u01b0 iOS phi\u00ean b\u1ea3n m\u1edbi nh\u1ea5t, v\u00e0 kh\u00f4ng d\u00e0nh cho ng\u01b0\u1eddi d\u01b0\u1edbi 22 tu\u1ed5i. \u1ee8ng d\u1ee5ng ECG ch\u1ec9 kh\u1ea3 d\u1ee5ng tr\u00ean Apple Watch Series 4 tr\u1edf l\u00ean (kh\u00f4ng bao g\u1ed3m Apple Watch SE). T\u00ednh n\u0103ng th\u00f4ng b\u00e1o nh\u1ecbp kh\u00f4ng \u0111\u1ec1u kh\u00f4ng \u0111\u01b0\u1ee3c thi\u1ebft k\u1ebf d\u00e0nh cho ng\u01b0\u1eddi t\u1eebng c\u00f3 k\u1ebft ch\u1ea9n \u0111o\u00e1n b\u1ecb rung nh\u0129 (AFib).<\/p>\n<p>7T\u00ednh n\u0103ng c\u1ea3m bi\u1ebfn nhi\u1ec7t \u0111\u1ed9 kh\u00f4ng ph\u1ea3i l\u00e0 m\u1ed9t thi\u1ebft b\u1ecb y t\u1ebf v\u00e0 kh\u00f4ng nh\u1eb1m m\u1ee5c \u0111\u00edch s\u1eed d\u1ee5ng trong ch\u1ea9n \u0111o\u00e1n y t\u1ebf, \u0111i\u1ec1u tr\u1ecb ho\u1eb7c b\u1ea5t k\u1ef3 m\u1ee5c \u0111\u00edch y t\u1ebf n\u00e0o kh\u00e1c.<\/p>\n<p>8\u1ee8ng d\u1ee5ng Theo D\u00f5i Chu K\u1ef3 kh\u00f4ng nh\u1eb1m m\u1ee5c \u0111\u00edch s\u1eed d\u1ee5ng trong ch\u1ea9n \u0111o\u00e1n y t\u1ebf, \u0111i\u1ec1u tr\u1ecb ho\u1eb7c b\u1ea5t k\u1ef3 m\u1ee5c \u0111\u00edch y t\u1ebf n\u00e0o, bao g\u1ed3m vi\u1ec7c s\u1eed d\u1ee5ng nh\u01b0 m\u1ed9t bi\u1ec7n ph\u00e1p tr\u00e1nh thai ho\u1eb7c h\u1ed7 tr\u1ee3 th\u1ee5 thai.<\/p>\n<p>9S\u1ed1 \u0111o t\u1eeb \u1ee9ng d\u1ee5ng \u00d4xi Trong M\u00e1u kh\u00f4ng \u0111\u01b0\u1ee3c d\u00f9ng cho m\u1ee5c \u0111\u00edch y t\u1ebf, k\u1ec3 c\u1ea3 t\u1ef1 ch\u1ea9n \u0111o\u00e1n ho\u1eb7c xin \u00fd ki\u1ebfn b\u00e1c s\u0129 v\u00e0 ch\u1ec9 \u0111\u01b0\u1ee3c thi\u1ebft k\u1ebf cho ho\u1ea1t \u0111\u1ed9ng luy\u1ec7n t\u1eadp th\u00f4ng th\u01b0\u1eddng v\u00e0 m\u1ee5c \u0111\u00edch ch\u0103m s\u00f3c s\u1ee9c kh\u1ecfe.<\/p>","protected":false},"excerpt":{"rendered":"<p>Apple Watch Ultra GPS + Cellular, 49mm Titanium Case, Blue\/Gray Trail Loop &#8211; M\/L<\/p>","protected":false},"featured_media":0,"comment_status":"open","ping_status":"closed","template":"","meta":[],"product_brand":[],"product_cat":[29],"product_tag":[],"class_list":{"0":"post-4569","1":"product","2":"type-product","3":"status-publish","5":"product_cat-watch","7":"first","8":"instock","9":"sale","10":"shipping-taxable","11":"purchasable","12":"product-type-simple"},"_links":{"self":[{"href":"https:\/\/mafrro.ch\/de\/wp-json\/wp\/v2\/product\/4569","targetHints":{"allow":["GET"]}}],"collection":[{"href":"https:\/\/mafrro.ch\/de\/wp-json\/wp\/v2\/product"}],"about":[{"href":"https:\/\/mafrro.ch\/de\/wp-json\/wp\/v2\/types\/product"}],"replies":[{"embeddable":true,"href":"https:\/\/mafrro.ch\/de\/wp-json\/wp\/v2\/comments?post=4569"}],"wp:attachment":[{"href":"https:\/\/mafrro.ch\/de\/wp-json\/wp\/v2\/media?parent=4569"}],"wp:term":[{"taxonomy":"product_brand","embeddable":true,"href":"https:\/\/mafrro.ch\/de\/wp-json\/wp\/v2\/product_brand?post=4569"},{"taxonomy":"product_cat","embeddable":true,"href":"https:\/\/mafrro.ch\/de\/wp-json\/wp\/v2\/product_cat?post=4569"},{"taxonomy":"product_tag","embeddable":true,"href":"https:\/\/mafrro.ch\/de\/wp-json\/wp\/v2\/product_tag?post=4569"}],"curies":[{"name":"wp","href":"https:\/\/api.w.org\/{rel}","templated":true}]}}